{"id":36,"date":"2020-09-07T19:17:35","date_gmt":"2020-09-07T19:17:35","guid":{"rendered":"http:\/\/www.indian.cz\/?page_id=36"},"modified":"2024-01-11T15:22:31","modified_gmt":"2024-01-11T15:22:31","slug":"36-2","status":"publish","type":"page","link":"http:\/\/www.indian.cz\/","title":{"rendered":"ke koupi:"},"content":{"rendered":"\n<p>Motocykl Indian Scout, Indian Chief, Indian Prince ze stodoly, p\u016fdy i gar\u00e1\u017ee. I n\u00e1hradn\u00ed d\u00edly, sou\u010d\u00e1stky. Kontaktujte m\u011b na indian@indian.cz.  <\/p>\n\n\n\n<figure class=\"wp-block-gallery columns-1 is-cropped\"><ul class=\"blocks-gallery-grid\"><li class=\"blocks-gallery-item\"><figure><img loading=\"lazy\" width=\"960\" height=\"960\" src=\"http:\/\/www.indian.cz\/wp-content\/uploads\/2024\/01\/13879328_1155695644453928_5945143529405390277_n.jpg\" alt=\"\" data-id=\"58\" data-full-url=\"http:\/\/www.indian.cz\/wp-content\/uploads\/2024\/01\/13879328_1155695644453928_5945143529405390277_n.jpg\" data-link=\"http:\/\/www.indian.cz\/?attachment_id=58\" class=\"wp-image-58\" srcset=\"http:\/\/www.indian.cz\/wp-content\/uploads\/2024\/01\/13879328_1155695644453928_5945143529405390277_n.jpg 960w, http:\/\/www.indian.cz\/wp-content\/uploads\/2024\/01\/13879328_1155695644453928_5945143529405390277_n-300x300.jpg 300w, http:\/\/www.indian.cz\/wp-content\/uploads\/2024\/01\/13879328_1155695644453928_5945143529405390277_n-150x150.jpg 150w, http:\/\/www.indian.cz\/wp-content\/uploads\/2024\/01\/13879328_1155695644453928_5945143529405390277_n-768x768.jpg 768w\" sizes=\"(max-width: 960px) 100vw, 960px\" \/><\/figure><\/li><\/ul><\/figure>\n\n\n\n<p><\/p>\n","protected":false},"excerpt":{"rendered":"<p>Motocykl Indian Scout, Indian Chief, Indian Prince ze stodoly, p\u016fdy i gar\u00e1\u017ee. I n\u00e1hradn\u00ed d\u00edly, sou\u010d\u00e1stky. Kontaktujte m\u011b na indian@indian.cz.<\/p>\n","protected":false},"author":1,"featured_media":0,"parent":0,"menu_order":0,"comment_status":"closed","ping_status":"closed","template":"","meta":[],"_links":{"self":[{"href":"http:\/\/www.indian.cz\/index.php?rest_route=\/wp\/v2\/pages\/36"}],"collection":[{"href":"http:\/\/www.indian.cz\/index.php?rest_route=\/wp\/v2\/pages"}],"about":[{"href":"http:\/\/www.indian.cz\/index.php?rest_route=\/wp\/v2\/types\/page"}],"author":[{"embeddable":true,"href":"http:\/\/www.indian.cz\/index.php?rest_route=\/wp\/v2\/users\/1"}],"replies":[{"embeddable":true,"href":"http:\/\/www.indian.cz\/index.php?rest_route=%2Fwp%2Fv2%2Fcomments&post=36"}],"version-history":[{"count":5,"href":"http:\/\/www.indian.cz\/index.php?rest_route=\/wp\/v2\/pages\/36\/revisions"}],"predecessor-version":[{"id":59,"href":"http:\/\/www.indian.cz\/index.php?rest_route=\/wp\/v2\/pages\/36\/revisions\/59"}],"wp:attachment":[{"href":"http:\/\/www.indian.cz\/index.php?rest_route=%2Fwp%2Fv2%2Fmedia&parent=36"}],"curies":[{"name":"wp","href":"https:\/\/api.w.org\/{rel}","templated":true}]}}